{"id":414,"date":"2017-12-21T09:00:47","date_gmt":"2017-12-21T09:00:47","guid":{"rendered":"https:\/\/lafsites.com.br\/site\/contact-us\/"},"modified":"2022-09-05T21:59:43","modified_gmt":"2022-09-05T21:59:43","slug":"contato","status":"publish","type":"page","link":"https:\/\/lafsites.com.br\/site\/contato\/","title":{"rendered":"Contato"},"content":{"rendered":"\t\t<div data-elementor-type=\"wp-post\" data-elementor-id=\"414\" class=\"elementor elementor-414\">\n\t\t\t\t\t\t<section class=\"elementor-section elementor-top-section elementor-element elementor-element-1af1f79 elementor-section-content-middle elementor-section-boxed elementor-section-height-default elementor-section-height-default wpr-particle-no wpr-jarallax-no wpr-parallax-no wpr-sticky-section-no\" data-id=\"1af1f79\" data-element_type=\"section\" data-e-type=\"section\" data-settings=\"{&quot;background_background&quot;:&quot;classic&quot;}\">\n\t\t\t\t\t\t\t<div class=\"elementor-background-overlay\"><\/div>\n\t\t\t\t\t\t\t<div class=\"elementor-container elementor-column-gap-no\">\n\t\t\t\t\t<div class=\"elementor-column elementor-col-100 elementor-top-column elementor-element elementor-element-8d092b6\" data-id=\"8d092b6\" data-element_type=\"column\" data-e-type=\"column\">\n\t\t\t<div class=\"elementor-widget-wrap elementor-element-populated\">\n\t\t\t\t\t\t<div class=\"elementor-element elementor-element-2f510d4 elementor-widget elementor-widget-heading\" data-id=\"2f510d4\" data-element_type=\"widget\" data-e-type=\"widget\" data-widget_type=\"heading.default\">\n\t\t\t\t<div class=\"elementor-widget-container\">\n\t\t\t\t\t<h1 class=\"elementor-heading-title elementor-size-default\">Entre em contato conosco<\/h1>\t\t\t\t<\/div>\n\t\t\t\t<\/div>\n\t\t\t\t\t<\/div>\n\t\t<\/div>\n\t\t\t\t\t<\/div>\n\t\t<\/section>\n\t\t\t\t<section class=\"elementor-section elementor-top-section elementor-element elementor-element-adcc176 elementor-section-content-top elementor-section-boxed elementor-section-height-default elementor-section-height-default wpr-particle-no wpr-jarallax-no wpr-parallax-no wpr-sticky-section-no\" data-id=\"adcc176\" data-element_type=\"section\" data-e-type=\"section\" data-settings=\"{&quot;background_background&quot;:&quot;classic&quot;}\">\n\t\t\t\t\t\t<div class=\"elementor-container elementor-column-gap-default\">\n\t\t\t\t\t<div class=\"elementor-column elementor-col-33 elementor-top-column elementor-element elementor-element-a91ad32\" data-id=\"a91ad32\" data-element_type=\"column\" data-e-type=\"column\">\n\t\t\t<div class=\"elementor-widget-wrap elementor-element-populated\">\n\t\t\t\t\t\t<div class=\"elementor-element elementor-element-b5a2814 elementor-widget elementor-widget-heading\" data-id=\"b5a2814\" data-element_type=\"widget\" data-e-type=\"widget\" data-widget_type=\"heading.default\">\n\t\t\t\t<div class=\"elementor-widget-container\">\n\t\t\t\t\t<h3 class=\"elementor-heading-title elementor-size-default\">Aguardamos seu contato<\/h3>\t\t\t\t<\/div>\n\t\t\t\t<\/div>\n\t\t\t\t<div class=\"elementor-element elementor-element-80313d7 elementor-align-start elementor-icon-list--layout-traditional elementor-list-item-link-full_width elementor-widget elementor-widget-icon-list\" data-id=\"80313d7\" data-element_type=\"widget\" data-e-type=\"widget\" data-widget_type=\"icon-list.default\">\n\t\t\t\t<div class=\"elementor-widget-container\">\n\t\t\t\t\t\t\t<ul class=\"elementor-icon-list-items\">\n\t\t\t\t\t\t\t<li class=\"elementor-icon-list-item\">\n\t\t\t\t\t\t\t\t\t\t\t<a href=\"mailto:luis@lafsites.com.br\">\n\n\t\t\t\t\t\t\t\t\t\t\t\t<span class=\"elementor-icon-list-icon\">\n\t\t\t\t\t\t\t<i aria-hidden=\"true\" class=\"fas fa-envelope\"><\/i>\t\t\t\t\t\t<\/span>\n\t\t\t\t\t\t\t\t\t\t<span class=\"elementor-icon-list-text\">luis@lafsites.com.br<\/span>\n\t\t\t\t\t\t\t\t\t\t\t<\/a>\n\t\t\t\t\t\t\t\t\t<\/li>\n\t\t\t\t\t\t\t\t<li class=\"elementor-icon-list-item\">\n\t\t\t\t\t\t\t\t\t\t\t<span class=\"elementor-icon-list-icon\">\n\t\t\t\t\t\t\t<i aria-hidden=\"true\" class=\"fab fa-whatsapp\"><\/i>\t\t\t\t\t\t<\/span>\n\t\t\t\t\t\t\t\t\t\t<span class=\"elementor-icon-list-text\">(51) 99182-0645<\/span>\n\t\t\t\t\t\t\t\t\t<\/li>\n\t\t\t\t\t\t<\/ul>\n\t\t\t\t\t\t<\/div>\n\t\t\t\t<\/div>\n\t\t\t\t<div class=\"elementor-element elementor-element-6c45b9c elementor-widget elementor-widget-heading\" data-id=\"6c45b9c\" data-element_type=\"widget\" data-e-type=\"widget\" data-widget_type=\"heading.default\">\n\t\t\t\t<div class=\"elementor-widget-container\">\n\t\t\t\t\t<h4 class=\"elementor-heading-title elementor-size-default\">Est\u00e1 com d\u00favidas?<\/h4>\t\t\t\t<\/div>\n\t\t\t\t<\/div>\n\t\t\t\t<div class=\"elementor-element elementor-element-328a95d elementor-widget elementor-widget-heading\" data-id=\"328a95d\" data-element_type=\"widget\" data-e-type=\"widget\" data-widget_type=\"heading.default\">\n\t\t\t\t<div class=\"elementor-widget-container\">\n\t\t\t\t\t<h3 class=\"elementor-heading-title elementor-size-default\">(51) 99182-0645<\/h3>\t\t\t\t<\/div>\n\t\t\t\t<\/div>\n\t\t\t\t\t<\/div>\n\t\t<\/div>\n\t\t\t\t<div class=\"elementor-column elementor-col-66 elementor-top-column elementor-element elementor-element-063df41\" data-id=\"063df41\" data-element_type=\"column\" data-e-type=\"column\" data-settings=\"{&quot;background_background&quot;:&quot;classic&quot;}\">\n\t\t\t<div class=\"elementor-widget-wrap elementor-element-populated\">\n\t\t\t\t\t\t<div class=\"elementor-element elementor-element-e90b90d elementor-widget elementor-widget-heading\" data-id=\"e90b90d\" data-element_type=\"widget\" data-e-type=\"widget\" data-widget_type=\"heading.default\">\n\t\t\t\t<div class=\"elementor-widget-container\">\n\t\t\t\t\t<h3 class=\"elementor-heading-title elementor-size-default\">Constru\u00e7\u00e3o de sites<\/h3>\t\t\t\t<\/div>\n\t\t\t\t<\/div>\n\t\t\t\t<div class=\"elementor-element elementor-element-04cdb42 elementor-widget elementor-widget-image\" data-id=\"04cdb42\" data-element_type=\"widget\" data-e-type=\"widget\" data-widget_type=\"image.default\">\n\t\t\t\t<div class=\"elementor-widget-container\">\n\t\t\t\t\t\t\t\t\t\t\t\t\t\t\t<img fetchpriority=\"high\" decoding=\"async\" width=\"1024\" height=\"705\" src=\"https:\/\/lafsites.com.br\/site\/wp-content\/uploads\/2022\/07\/LOGO-1024x705.png\" class=\"attachment-large size-large wp-image-2957\" alt=\"\" srcset=\"https:\/\/lafsites.com.br\/site\/wp-content\/uploads\/2022\/07\/LOGO-1024x705.png 1024w, https:\/\/lafsites.com.br\/site\/wp-content\/uploads\/2022\/07\/LOGO-300x207.png 300w, https:\/\/lafsites.com.br\/site\/wp-content\/uploads\/2022\/07\/LOGO-768x529.png 768w, https:\/\/lafsites.com.br\/site\/wp-content\/uploads\/2022\/07\/LOGO-1536x1058.png 1536w, https:\/\/lafsites.com.br\/site\/wp-content\/uploads\/2022\/07\/LOGO-2048x1411.png 2048w, https:\/\/lafsites.com.br\/site\/wp-content\/uploads\/2022\/07\/LOGO-600x413.png 600w\" sizes=\"(max-width: 1024px) 100vw, 1024px\" \/>\t\t\t\t\t\t\t\t\t\t\t\t\t\t\t<\/div>\n\t\t\t\t<\/div>\n\t\t\t\t\t<\/div>\n\t\t<\/div>\n\t\t\t\t\t<\/div>\n\t\t<\/section>\n\t\t\t\t<\/div>\n\t\t","protected":false},"excerpt":{"rendered":"<p>Entre em contato conosco Aguardamos seu contato luis@lafsites.com.br (51) 99182-0645 Est\u00e1 com d\u00favidas? (51) 99182-0645 Constru\u00e7\u00e3o de sites<\/p>\n","protected":false},"author":1,"featured_media":0,"parent":0,"menu_order":0,"comment_status":"closed","ping_status":"closed","template":"","meta":{"site-sidebar-layout":"no-sidebar","site-content-layout":"page-builder","ast-site-content-layout":"default","site-content-style":"default","site-sidebar-style":"default","ast-global-header-display":"","ast-banner-title-visibility":"","ast-main-header-display":"","ast-hfb-above-header-display":"","ast-hfb-below-header-display":"","ast-hfb-mobile-header-display":"","site-post-title":"disabled","ast-breadcrumbs-content":"","ast-featured-img":"disabled","footer-sml-layout":"","ast-disable-related-posts":"","theme-transparent-header-meta":"enabled","adv-header-id-meta":"","stick-header-meta":"","header-above-stick-meta":"","header-main-stick-meta":"","header-below-stick-meta":"","astra-migrate-meta-layouts":"default","ast-page-background-enabled":"default","ast-page-background-meta":{"desktop":{"background-color":"","background-image":"","background-repeat":"repeat","background-position":"center center","background-size":"auto","background-attachment":"scroll","background-type":"","background-media":"","overlay-type":"","overlay-color":"","overlay-opacity":"","overlay-gradient":""},"tablet":{"background-color":"","background-image":"","background-repeat":"repeat","background-position":"center center","background-size":"auto","background-attachment":"scroll","background-type":"","background-media":"","overlay-type":"","overlay-color":"","overlay-opacity":"","overlay-gradient":""},"mobile":{"background-color":"","background-image":"","background-repeat":"repeat","background-position":"center center","background-size":"auto","background-attachment":"scroll","background-type":"","background-media":"","overlay-type":"","overlay-color":"","overlay-opacity":"","overlay-gradient":""}},"ast-content-background-meta":{"desktop":{"background-color":"var(--ast-global-color-5)","background-image":"","background-repeat":"repeat","background-position":"center center","background-size":"auto","background-attachment":"scroll","background-type":"","background-media":"","overlay-type":"","overlay-color":"","overlay-opacity":"","overlay-gradient":""},"tablet":{"background-color":"var(--ast-global-color-5)","background-image":"","background-repeat":"repeat","background-position":"center center","background-size":"auto","background-attachment":"scroll","background-type":"","background-media":"","overlay-type":"","overlay-color":"","overlay-opacity":"","overlay-gradient":""},"mobile":{"background-color":"var(--ast-global-color-5)","background-image":"","background-repeat":"repeat","background-position":"center center","background-size":"auto","background-attachment":"scroll","background-type":"","background-media":"","overlay-type":"","overlay-color":"","overlay-opacity":"","overlay-gradient":""}},"footnotes":""},"class_list":["post-414","page","type-page","status-publish","hentry"],"yoast_head":"<!-- This site is optimized with the Yoast SEO plugin v27.2 - https:\/\/yoast.com\/product\/yoast-seo-wordpress\/ -->\n<title>Contato - lafsites constru\u00e7\u00e3o de websites<\/title>\n<meta name=\"robots\" content=\"index, follow, max-snippet:-1, max-image-preview:large, max-video-preview:-1\" \/>\n<link rel=\"canonical\" href=\"https:\/\/lafsites.com.br\/site\/contato\/\" \/>\n<meta property=\"og:locale\" content=\"pt_BR\" \/>\n<meta property=\"og:type\" content=\"article\" \/>\n<meta property=\"og:title\" content=\"Contato - lafsites constru\u00e7\u00e3o de websites\" \/>\n<meta property=\"og:description\" content=\"Entre em contato conosco Aguardamos seu contato luis@lafsites.com.br (51) 99182-0645 Est\u00e1 com d\u00favidas? (51) 99182-0645 Constru\u00e7\u00e3o de sites\" \/>\n<meta property=\"og:url\" content=\"https:\/\/lafsites.com.br\/site\/contato\/\" \/>\n<meta property=\"og:site_name\" content=\"lafsites constru\u00e7\u00e3o de websites\" \/>\n<meta property=\"article:publisher\" content=\"https:\/\/facebook.com\/lafsites\" \/>\n<meta property=\"article:modified_time\" content=\"2022-09-05T21:59:43+00:00\" \/>\n<meta property=\"og:image\" content=\"https:\/\/lafsites.com.br\/site\/wp-content\/uploads\/2022\/07\/LOGO-1024x705.png\" \/>\n<meta name=\"twitter:card\" content=\"summary_large_image\" \/>\n<meta name=\"twitter:label1\" content=\"Est. tempo de leitura\" \/>\n\t<meta name=\"twitter:data1\" content=\"1 minuto\" \/>\n<script type=\"application\/ld+json\" class=\"yoast-schema-graph\">{\"@context\":\"https:\/\/schema.org\",\"@graph\":[{\"@type\":\"WebPage\",\"@id\":\"https:\/\/lafsites.com.br\/site\/contato\/\",\"url\":\"https:\/\/lafsites.com.br\/site\/contato\/\",\"name\":\"Contato - lafsites constru\u00e7\u00e3o de websites\",\"isPartOf\":{\"@id\":\"https:\/\/lafsites.com.br\/site\/#website\"},\"primaryImageOfPage\":{\"@id\":\"https:\/\/lafsites.com.br\/site\/contato\/#primaryimage\"},\"image\":{\"@id\":\"https:\/\/lafsites.com.br\/site\/contato\/#primaryimage\"},\"thumbnailUrl\":\"https:\/\/lafsites.com.br\/site\/wp-content\/uploads\/2022\/07\/LOGO-1024x705.png\",\"datePublished\":\"2017-12-21T09:00:47+00:00\",\"dateModified\":\"2022-09-05T21:59:43+00:00\",\"breadcrumb\":{\"@id\":\"https:\/\/lafsites.com.br\/site\/contato\/#breadcrumb\"},\"inLanguage\":\"pt-BR\",\"potentialAction\":[{\"@type\":\"ReadAction\",\"target\":[\"https:\/\/lafsites.com.br\/site\/contato\/\"]}]},{\"@type\":\"ImageObject\",\"inLanguage\":\"pt-BR\",\"@id\":\"https:\/\/lafsites.com.br\/site\/contato\/#primaryimage\",\"url\":\"https:\/\/lafsites.com.br\/site\/wp-content\/uploads\/2022\/07\/LOGO.png\",\"contentUrl\":\"https:\/\/lafsites.com.br\/site\/wp-content\/uploads\/2022\/07\/LOGO.png\",\"width\":2564,\"height\":1766},{\"@type\":\"BreadcrumbList\",\"@id\":\"https:\/\/lafsites.com.br\/site\/contato\/#breadcrumb\",\"itemListElement\":[{\"@type\":\"ListItem\",\"position\":1,\"name\":\"In\u00edcio\",\"item\":\"https:\/\/lafsites.com.br\/site\/\"},{\"@type\":\"ListItem\",\"position\":2,\"name\":\"Contato\"}]},{\"@type\":\"WebSite\",\"@id\":\"https:\/\/lafsites.com.br\/site\/#website\",\"url\":\"https:\/\/lafsites.com.br\/site\/\",\"name\":\"lafsites constru\u00e7\u00e3o de websites\",\"description\":\"landing pages e websites\",\"publisher\":{\"@id\":\"https:\/\/lafsites.com.br\/site\/#organization\"},\"potentialAction\":[{\"@type\":\"SearchAction\",\"target\":{\"@type\":\"EntryPoint\",\"urlTemplate\":\"https:\/\/lafsites.com.br\/site\/?s={search_term_string}\"},\"query-input\":{\"@type\":\"PropertyValueSpecification\",\"valueRequired\":true,\"valueName\":\"search_term_string\"}}],\"inLanguage\":\"pt-BR\"},{\"@type\":\"Organization\",\"@id\":\"https:\/\/lafsites.com.br\/site\/#organization\",\"name\":\"lafsites constru\u00e7\u00e3o de websites\",\"url\":\"https:\/\/lafsites.com.br\/site\/\",\"logo\":{\"@type\":\"ImageObject\",\"inLanguage\":\"pt-BR\",\"@id\":\"https:\/\/lafsites.com.br\/site\/#\/schema\/logo\/image\/\",\"url\":\"https:\/\/lafsites.com.br\/site\/wp-content\/uploads\/2022\/08\/logo_alt.png\",\"contentUrl\":\"https:\/\/lafsites.com.br\/site\/wp-content\/uploads\/2022\/08\/logo_alt.png\",\"width\":344,\"height\":235,\"caption\":\"lafsites constru\u00e7\u00e3o de websites\"},\"image\":{\"@id\":\"https:\/\/lafsites.com.br\/site\/#\/schema\/logo\/image\/\"},\"sameAs\":[\"https:\/\/facebook.com\/lafsites\",\"https:\/\/instagram.com\/lafsites.agencia\"]}]}<\/script>\n<!-- \/ Yoast SEO plugin. -->","yoast_head_json":{"title":"Contato - lafsites constru\u00e7\u00e3o de websites","robots":{"index":"index","follow":"follow","max-snippet":"max-snippet:-1","max-image-preview":"max-image-preview:large","max-video-preview":"max-video-preview:-1"},"canonical":"https:\/\/lafsites.com.br\/site\/contato\/","og_locale":"pt_BR","og_type":"article","og_title":"Contato - lafsites constru\u00e7\u00e3o de websites","og_description":"Entre em contato conosco Aguardamos seu contato luis@lafsites.com.br (51) 99182-0645 Est\u00e1 com d\u00favidas? (51) 99182-0645 Constru\u00e7\u00e3o de sites","og_url":"https:\/\/lafsites.com.br\/site\/contato\/","og_site_name":"lafsites constru\u00e7\u00e3o de websites","article_publisher":"https:\/\/facebook.com\/lafsites","article_modified_time":"2022-09-05T21:59:43+00:00","og_image":[{"url":"https:\/\/lafsites.com.br\/site\/wp-content\/uploads\/2022\/07\/LOGO-1024x705.png","type":"","width":"","height":""}],"twitter_card":"summary_large_image","twitter_misc":{"Est. tempo de leitura":"1 minuto"},"schema":{"@context":"https:\/\/schema.org","@graph":[{"@type":"WebPage","@id":"https:\/\/lafsites.com.br\/site\/contato\/","url":"https:\/\/lafsites.com.br\/site\/contato\/","name":"Contato - lafsites constru\u00e7\u00e3o de websites","isPartOf":{"@id":"https:\/\/lafsites.com.br\/site\/#website"},"primaryImageOfPage":{"@id":"https:\/\/lafsites.com.br\/site\/contato\/#primaryimage"},"image":{"@id":"https:\/\/lafsites.com.br\/site\/contato\/#primaryimage"},"thumbnailUrl":"https:\/\/lafsites.com.br\/site\/wp-content\/uploads\/2022\/07\/LOGO-1024x705.png","datePublished":"2017-12-21T09:00:47+00:00","dateModified":"2022-09-05T21:59:43+00:00","breadcrumb":{"@id":"https:\/\/lafsites.com.br\/site\/contato\/#breadcrumb"},"inLanguage":"pt-BR","potentialAction":[{"@type":"ReadAction","target":["https:\/\/lafsites.com.br\/site\/contato\/"]}]},{"@type":"ImageObject","inLanguage":"pt-BR","@id":"https:\/\/lafsites.com.br\/site\/contato\/#primaryimage","url":"https:\/\/lafsites.com.br\/site\/wp-content\/uploads\/2022\/07\/LOGO.png","contentUrl":"https:\/\/lafsites.com.br\/site\/wp-content\/uploads\/2022\/07\/LOGO.png","width":2564,"height":1766},{"@type":"BreadcrumbList","@id":"https:\/\/lafsites.com.br\/site\/contato\/#breadcrumb","itemListElement":[{"@type":"ListItem","position":1,"name":"In\u00edcio","item":"https:\/\/lafsites.com.br\/site\/"},{"@type":"ListItem","position":2,"name":"Contato"}]},{"@type":"WebSite","@id":"https:\/\/lafsites.com.br\/site\/#website","url":"https:\/\/lafsites.com.br\/site\/","name":"lafsites constru\u00e7\u00e3o de websites","description":"landing pages e websites","publisher":{"@id":"https:\/\/lafsites.com.br\/site\/#organization"},"potentialAction":[{"@type":"SearchAction","target":{"@type":"EntryPoint","urlTemplate":"https:\/\/lafsites.com.br\/site\/?s={search_term_string}"},"query-input":{"@type":"PropertyValueSpecification","valueRequired":true,"valueName":"search_term_string"}}],"inLanguage":"pt-BR"},{"@type":"Organization","@id":"https:\/\/lafsites.com.br\/site\/#organization","name":"lafsites constru\u00e7\u00e3o de websites","url":"https:\/\/lafsites.com.br\/site\/","logo":{"@type":"ImageObject","inLanguage":"pt-BR","@id":"https:\/\/lafsites.com.br\/site\/#\/schema\/logo\/image\/","url":"https:\/\/lafsites.com.br\/site\/wp-content\/uploads\/2022\/08\/logo_alt.png","contentUrl":"https:\/\/lafsites.com.br\/site\/wp-content\/uploads\/2022\/08\/logo_alt.png","width":344,"height":235,"caption":"lafsites constru\u00e7\u00e3o de websites"},"image":{"@id":"https:\/\/lafsites.com.br\/site\/#\/schema\/logo\/image\/"},"sameAs":["https:\/\/facebook.com\/lafsites","https:\/\/instagram.com\/lafsites.agencia"]}]}},"jetpack_sharing_enabled":true,"_links":{"self":[{"href":"https:\/\/lafsites.com.br\/site\/wp-json\/wp\/v2\/pages\/414","targetHints":{"allow":["GET"]}}],"collection":[{"href":"https:\/\/lafsites.com.br\/site\/wp-json\/wp\/v2\/pages"}],"about":[{"href":"https:\/\/lafsites.com.br\/site\/wp-json\/wp\/v2\/types\/page"}],"author":[{"embeddable":true,"href":"https:\/\/lafsites.com.br\/site\/wp-json\/wp\/v2\/users\/1"}],"replies":[{"embeddable":true,"href":"https:\/\/lafsites.com.br\/site\/wp-json\/wp\/v2\/comments?post=414"}],"version-history":[{"count":11,"href":"https:\/\/lafsites.com.br\/site\/wp-json\/wp\/v2\/pages\/414\/revisions"}],"predecessor-version":[{"id":3069,"href":"https:\/\/lafsites.com.br\/site\/wp-json\/wp\/v2\/pages\/414\/revisions\/3069"}],"wp:attachment":[{"href":"https:\/\/lafsites.com.br\/site\/wp-json\/wp\/v2\/media?parent=414"}],"curies":[{"name":"wp","href":"https:\/\/api.w.org\/{rel}","templated":true}]}}